{"id":55131,"date":"2023-07-19T10:37:47","date_gmt":"2023-07-19T14:37:47","guid":{"rendered":"https:\/\/verifieelectrique.com\/about-us\/"},"modified":"2023-11-09T15:47:05","modified_gmt":"2023-11-09T20:47:05","slug":"about-us","status":"publish","type":"page","link":"https:\/\/verifieelectrique.com\/en\/about-us\/","title":{"rendered":"About us"},"content":{"rendered":"<p>[et_pb_section fb_built=&#8221;1&#8243; _builder_version=&#8221;4.20.2&#8243; _module_preset=&#8221;default&#8221; background_color=&#8221;#211D1E&#8221; custom_padding=&#8221;||8px|||&#8221; global_colors_info=&#8221;{}&#8221;][et_pb_row custom_padding_last_edited=&#8221;on|phone&#8221; _builder_version=&#8221;4.21.0&#8243; _module_preset=&#8221;default&#8221; custom_margin_tablet=&#8221;&#8221; custom_margin_phone=&#8221;&#8221; custom_margin_last_edited=&#8221;on|tablet&#8221; custom_padding_tablet=&#8221;0px||0px||false|false&#8221; custom_padding_phone=&#8221;0px||0px||false|false&#8221; global_colors_info=&#8221;{}&#8221;][et_pb_column type=&#8221;4_4&#8243; _builder_version=&#8221;4.20.2&#8243; _module_preset=&#8221;default&#8221; global_colors_info=&#8221;{}&#8221;][et_pb_text _builder_version=&#8221;4.20.2&#8243; _module_preset=&#8221;3d9347f9-b20d-48d2-af37-f53b2db07724&#8243; header_font=&#8221;|||on|||||&#8221; header_text_color=&#8221;#9aca3c&#8221; global_colors_info=&#8221;{}&#8221;]<\/p>\n<h1 style=\"text-align: center;\">About us<\/h1>\n<p>[\/et_pb_text][\/et_pb_column][\/et_pb_row][\/et_pb_section][et_pb_section fb_built=&#8221;1&#8243; custom_padding_last_edited=&#8221;on|tablet&#8221; _builder_version=&#8221;4.20.2&#8243; _module_preset=&#8221;default&#8221; background_color=&#8221;#211D1E&#8221; custom_padding=&#8221;0px||100px||false|false&#8221; custom_padding_tablet=&#8221;||60px||false|false&#8221; custom_padding_phone=&#8221;||30px||false|false&#8221; global_colors_info=&#8221;{}&#8221;][et_pb_row column_structure=&#8221;1_2,1_2&#8243; make_equal=&#8221;on&#8221; module_class=&#8221;flex-center&#8221; _builder_version=&#8221;4.20.4&#8243; _module_preset=&#8221;default&#8221; width_tablet=&#8221;&#8221; width_phone=&#8221;90%&#8221; width_last_edited=&#8221;on|phone&#8221; custom_padding=&#8221;||100px||false|false&#8221; global_colors_info=&#8221;{}&#8221;][et_pb_column type=&#8221;1_2&#8243; _builder_version=&#8221;4.20.2&#8243; _module_preset=&#8221;default&#8221; global_colors_info=&#8221;{}&#8221;][et_pb_text _builder_version=&#8221;4.21.0&#8243; _module_preset=&#8221;3d9347f9-b20d-48d2-af37-f53b2db07724&#8243; text_text_color=&#8221;#FFFFFF&#8221; header_3_font=&#8221;|||on|||||&#8221; header_3_text_color=&#8221;#9aca3c&#8221; global_colors_info=&#8221;{}&#8221;]<\/p>\n<p>The Electric Verified Recognition Program allows you to instantly identify repair shops and parts stores capable of servicing your electric or hybrid vehicle. Through strong partnerships with the <a href=\"https:\/\/competencesve.ca\/\" target=\"_blank\" rel=\"noopener\">Qu\u00e9bec government&#8217;s<\/a> EV Skills training program and <a href=\"https:\/\/beqtechnology.com\/\" target=\"_blank\" rel=\"noopener\">BEQ technology<\/a>, a company specializing in the sale and installation of electric vehicle charging stations, Electric Verified by EV Vast guarantees a quality service for the maintenance and repair of electric and hybrid vehicles.<\/p>\n<p>The program is part of a comprehensive strategy developed by <a href=\"https:\/\/vastauto.com\/\" target=\"_blank\" rel=\"noopener\">Vast-Auto Distribution<\/a> to address the rapidly evolving market for electric and hybrid vehicles in Canada. Founded in 1986, Vast-Auto Distribution is a division of Del Vasto Group, a private company headquartered in Montreal, Quebec, and a leader in the distribution and marketing of automotive parts for vehicle repairs. The company currently serves Eastern Canada through its eight distribution centers located in the provinces of Quebec, Ontario, and Nova Scotia.<\/p>\n<p>Operating under the Auto Value, Auto M\u00e9cano, M 360 Mechanic (formerly Mister Muffler), Mister Transmission and OCTO Auto Service Plus banners, we offer our customers a complete business solution, including a wide range of quality parts, innovative marketing programs, training, and business management systems.<\/p>\n<p>[\/et_pb_text][et_pb_text _builder_version=&#8221;4.21.0&#8243; _module_preset=&#8221;3d9347f9-b20d-48d2-af37-f53b2db07724&#8243; text_text_color=&#8221;#FFFFFF&#8221; header_3_font=&#8221;|||on|||||&#8221; header_3_text_color=&#8221;#9aca3c&#8221; global_colors_info=&#8221;{}&#8221;]<\/p>\n<h3>Our mission<\/h3>\n<p>The mission of the Electric Verified Recognition Program is to address the growing number of electric and hybrid vehicles on the roads in Canada. The use of the logo allows for quick and distinctive identification of workshops and parts stores that can serve electric and hybrid vehicle owners, as well as automotive mechanics.<\/p>\n<p><strong>Our goal: To transform the future together, with confidence!<\/strong><\/p>\n<p>[\/et_pb_text][\/et_pb_column][et_pb_column type=&#8221;1_2&#8243; _builder_version=&#8221;4.20.2&#8243; _module_preset=&#8221;default&#8221; global_colors_info=&#8221;{}&#8221;][et_pb_image src=&#8221;https:\/\/verifieelectrique.com\/wp\/wp-content\/uploads\/2023\/04\/mission-1200px.png&#8221; alt=&#8221;Artboard 2&#8243; title_text=&#8221;mission-1200px&#8221; _builder_version=&#8221;4.21.0&#8243; _module_preset=&#8221;default&#8221; custom_padding_tablet=&#8221;30px||0px||false|false&#8221; custom_padding_phone=&#8221;30px||0px||false|false&#8221; custom_padding_last_edited=&#8221;on|tablet&#8221; global_colors_info=&#8221;{}&#8221;][\/et_pb_image][\/et_pb_column][\/et_pb_row][et_pb_row column_structure=&#8221;1_4,1_4,1_4,1_4&#8243; disabled_on=&#8221;on|on|on&#8221; _builder_version=&#8221;4.21.0&#8243; _module_preset=&#8221;default&#8221; width_tablet=&#8221;&#8221; width_phone=&#8221;90%&#8221; width_last_edited=&#8221;on|phone&#8221; custom_padding=&#8221;100px||100px||true|false&#8221; disabled=&#8221;on&#8221; global_colors_info=&#8221;{}&#8221;][et_pb_column type=&#8221;1_4&#8243; _builder_version=&#8221;4.20.2&#8243; _module_preset=&#8221;default&#8221; global_colors_info=&#8221;{}&#8221;][et_pb_blurb title=&#8221;450&#8243; alt=&#8221;Artboard 2&#8243; image_icon_width=&#8221;150px&#8221; _builder_version=&#8221;4.20.2&#8243; _module_preset=&#8221;default&#8221; header_text_align=&#8221;center&#8221; header_text_color=&#8221;#9aca3c&#8221; header_font_size=&#8221;50px&#8221; background_layout=&#8221;dark&#8221; global_colors_info=&#8221;{}&#8221;]<\/p>\n<h6 style=\"text-align: center;\"><\/h6>\n<h3 style=\"text-align: center;\">Lorem ipsum<\/h3>\n<p>[\/et_pb_blurb][\/et_pb_column][et_pb_column type=&#8221;1_4&#8243; _builder_version=&#8221;4.20.2&#8243; _module_preset=&#8221;default&#8221; global_colors_info=&#8221;{}&#8221;][et_pb_blurb title=&#8221;6  &#8221; alt=&#8221;Artboard 2&#8243; image_icon_width=&#8221;150px&#8221; _builder_version=&#8221;4.20.0&#8243; _module_preset=&#8221;default&#8221; header_text_align=&#8221;center&#8221; header_text_color=&#8221;#9aca3c&#8221; header_font_size=&#8221;50px&#8221; background_layout=&#8221;dark&#8221; global_colors_info=&#8221;{}&#8221;]<\/p>\n<h6 style=\"text-align: center;\"><\/h6>\n<h3 style=\"text-align: center;\">Lorem ipsum<\/h3>\n<p>[\/et_pb_blurb][\/et_pb_column][et_pb_column type=&#8221;1_4&#8243; _builder_version=&#8221;4.20.2&#8243; _module_preset=&#8221;default&#8221; global_colors_info=&#8221;{}&#8221;][et_pb_blurb title=&#8221;12&#8243; alt=&#8221;Artboard 2&#8243; image_icon_width=&#8221;150px&#8221; _builder_version=&#8221;4.20.0&#8243; _module_preset=&#8221;default&#8221; header_text_align=&#8221;center&#8221; header_text_color=&#8221;#9aca3c&#8221; header_font_size=&#8221;50px&#8221; background_layout=&#8221;dark&#8221; global_colors_info=&#8221;{}&#8221;]<\/p>\n<h6 style=\"text-align: center;\"><\/h6>\n<h3 style=\"text-align: center;\">Lorem ipsum<\/h3>\n<p>[\/et_pb_blurb][\/et_pb_column][et_pb_column type=&#8221;1_4&#8243; _builder_version=&#8221;4.20.2&#8243; _module_preset=&#8221;default&#8221; global_colors_info=&#8221;{}&#8221;][et_pb_blurb title=&#8221;25&#8243; alt=&#8221;Artboard 2&#8243; image_icon_width=&#8221;150px&#8221; _builder_version=&#8221;4.20.0&#8243; _module_preset=&#8221;default&#8221; header_text_align=&#8221;center&#8221; header_text_color=&#8221;#9aca3c&#8221; header_font_size=&#8221;50px&#8221; background_layout=&#8221;dark&#8221; global_colors_info=&#8221;{}&#8221;]<\/p>\n<h6 style=\"text-align: center;\"><\/h6>\n<h3 style=\"text-align: center;\">Lorem ipsum<\/h3>\n<p>[\/et_pb_blurb][\/et_pb_column][\/et_pb_row][\/et_pb_section][et_pb_section fb_built=&#8221;1&#8243; custom_padding_last_edited=&#8221;on|tablet&#8221; prev_background_color=&#8221;#211D1E&#8221; disabled_on=&#8221;on|on|on&#8221; _builder_version=&#8221;4.21.0&#8243; _module_preset=&#8221;default&#8221; background_color=&#8221;#9aca3c&#8221; background_image=&#8221;https:\/\/verifieelectrique.com\/wp\/wp-content\/uploads\/2023\/04\/texture-crochet3.svg&#8221; background_size=&#8221;initial&#8221; background_position=&#8221;center_left&#8221; background_horizontal_offset=&#8221;-7%&#8221; custom_padding=&#8221;0px||100px||false|false&#8221; custom_padding_tablet=&#8221;||60px||false|false&#8221; custom_padding_phone=&#8221;||30px||false|false&#8221; top_divider_style=&#8221;curve&#8221; top_divider_flip=&#8221;vertical&#8221; disabled=&#8221;on&#8221; global_colors_info=&#8221;{}&#8221;][et_pb_row custom_padding_last_edited=&#8221;on|phone&#8221; _builder_version=&#8221;4.20.2&#8243; _module_preset=&#8221;default&#8221; width_tablet=&#8221;&#8221; width_phone=&#8221;90%&#8221; width_last_edited=&#8221;on|phone&#8221; custom_padding=&#8221;120px||80px||false|false&#8221; custom_padding_tablet=&#8221;90px||||false|false&#8221; custom_padding_phone=&#8221;40px||10px||false|false&#8221; global_colors_info=&#8221;{}&#8221;][et_pb_column type=&#8221;4_4&#8243; _builder_version=&#8221;4.20.2&#8243; _module_preset=&#8221;default&#8221; global_colors_info=&#8221;{}&#8221;][et_pb_text content_tablet=&#8221;<\/p>\n<h2 style=%22text-align: center;%22>Nos services<\/h2>\n<p>&#8221; content_phone=&#8221;<\/p>\n<h2 style=%22text-align: left;%22>Nos services<\/h2>\n<p>&#8221; content_last_edited=&#8221;on|desktop&#8221; _builder_version=&#8221;4.20.2&#8243; _module_preset=&#8221;3d9347f9-b20d-48d2-af37-f53b2db07724&#8243; header_2_font=&#8221;|||on|||||&#8221; custom_margin=&#8221;||0px||false|false&#8221; custom_padding=&#8221;||0px||false|false&#8221; global_colors_info=&#8221;{}&#8221;]<\/p>\n<h2 style=\"text-align: center;\">Qui est V\u00e9rifi\u00e9 \u00e9lectrique?<\/h2>\n<p>[\/et_pb_text][\/et_pb_column][\/et_pb_row][et_pb_row column_structure=&#8221;1_2,1_2&#8243; module_class=&#8221;flex-center&#8221; _builder_version=&#8221;4.20.2&#8243; _module_preset=&#8221;default&#8221; global_colors_info=&#8221;{}&#8221;][et_pb_column type=&#8221;1_2&#8243; _builder_version=&#8221;4.20.2&#8243; _module_preset=&#8221;default&#8221; global_colors_info=&#8221;{}&#8221;][et_pb_image src=&#8221;https:\/\/verifieelectrique.com\/wp\/wp-content\/uploads\/2023\/04\/a-propos-1-957&#215;1024.png&#8221; title_text=&#8221;a-propos&#8221; _builder_version=&#8221;4.20.4&#8243; _module_preset=&#8221;default&#8221; global_colors_info=&#8221;{}&#8221;][\/et_pb_image][\/et_pb_column][et_pb_column type=&#8221;1_2&#8243; _builder_version=&#8221;4.20.2&#8243; _module_preset=&#8221;default&#8221; global_colors_info=&#8221;{}&#8221;][et_pb_text _builder_version=&#8221;4.20.2&#8243; _module_preset=&#8221;f589d966-0576-46a3-bf15-a5997f12a723&#8243; module_alignment=&#8221;left&#8221; global_colors_info=&#8221;{}&#8221;]<\/p>\n<p><strong>Qui sommes-nous et qu&#8217;offrons-nous? <\/strong>Lorem ipsum dolor sit amet, consectetur adipiscing elit. Aenean porttitor sollicitudin ante eget posuere. Etiam interdum sollicitudin sapien, in dictum lacus dapibus non. Cras varius vitae libero ut dignissim. Donec lobortis sapien orci, id consectetur felis bibendum sed.<\/p>\n<p>[\/et_pb_text][et_pb_text _builder_version=&#8221;4.20.2&#8243; _module_preset=&#8221;default&#8221; global_colors_info=&#8221;{}&#8221;]<\/p>\n<h3>Service d&#8217;entretien et r\u00e9paration<\/h3>\n<p>Your content goes here. Edit or remove this text inline or in the module Content settings. You can also style every aspect of this content in the module Design settings and even apply custom CSS to this text in the module Advanced settings.<\/p>\n<h3>Service de pi\u00e8ces sp\u00e9cialis\u00e9es<\/h3>\n<p>Phasellus ullamcorper, tortor quis tincidunt suscipit, nulla dolor feugiat urna, nec tempor nisl dui ut lectus. Etiam ligula mi, auctor a pulvinar ac, venenatis at elit. Sed lobortis vel risus et mattis. Nunc gravida ultrices lectus. Morbi condimentum est eget pretium rutrum. Aliquam vehicula nulla elit.<\/p>\n<p>[\/et_pb_text][\/et_pb_column][\/et_pb_row][et_pb_row _builder_version=&#8221;4.20.4&#8243; _module_preset=&#8221;default&#8221; global_colors_info=&#8221;{}&#8221;][et_pb_column type=&#8221;4_4&#8243; _builder_version=&#8221;4.20.4&#8243; _module_preset=&#8221;default&#8221; global_colors_info=&#8221;{}&#8221;][et_pb_button button_url=&#8221;@ET-DC@eyJkeW5hbWljIjp0cnVlLCJjb250ZW50IjoicG9zdF9saW5rX3VybF9wYWdlIiwic2V0dGluZ3MiOnsicG9zdF9pZCI6IjUxNTg1In19@&#8221; button_text=&#8221;Trouver un atelier&#8221; button_alignment=&#8221;center&#8221; button_alignment_tablet=&#8221;center&#8221; button_alignment_phone=&#8221;left&#8221; button_alignment_last_edited=&#8221;on|phone&#8221; _builder_version=&#8221;4.21.0&#8243; _dynamic_attributes=&#8221;button_url&#8221; _module_preset=&#8221;d95e857f-af01-451a-9477-71f05f4abebe&#8221; global_colors_info=&#8221;{}&#8221;][\/et_pb_button][\/et_pb_column][\/et_pb_row][\/et_pb_section]<\/p>\n","protected":false},"excerpt":{"rendered":"<p>About usThe Electric Verified Recognition Program allows you to instantly identify repair shops and parts stores capable of servicing your electric or hybrid vehicle. Through strong partnerships with the Qu\u00e9bec government&#8217;s EV Skills training program and BEQ technology, a company specializing in the sale and installation of electric vehicle charging stations, Electric Verified by EV [&hellip;]<\/p>\n","protected":false},"author":1,"featured_media":0,"parent":0,"menu_order":0,"comment_status":"closed","ping_status":"closed","template":"","meta":{"_et_pb_use_builder":"on","_et_pb_old_content":"","_et_gb_content_width":"","inline_featured_image":false},"yoast_head":"<!-- This site is optimized with the Yoast SEO plugin v21.2 - https:\/\/yoast.com\/wordpress\/plugins\/seo\/ -->\n<title>About us - Electric Verified by EV Vast<\/title>\n<meta name=\"description\" content=\"Discover Electric Verified: the recognition program for repair shops and parts stores.\" \/>\n<meta name=\"robots\" content=\"index, follow, max-snippet:-1, max-image-preview:large, max-video-preview:-1\" \/>\n<link rel=\"canonical\" href=\"https:\/\/verifieelectrique.com\/en\/about-us\/\" \/>\n<meta property=\"og:locale\" content=\"en_US\" \/>\n<meta property=\"og:type\" content=\"article\" \/>\n<meta property=\"og:title\" content=\"About us - Electric Verified by EV Vast\" \/>\n<meta property=\"og:description\" content=\"Discover Electric Verified: the recognition program for repair shops and parts stores.\" \/>\n<meta property=\"og:url\" content=\"https:\/\/verifieelectrique.com\/en\/about-us\/\" \/>\n<meta property=\"og:site_name\" content=\"Electric Verified by EV Vast\" \/>\n<meta property=\"article:publisher\" content=\"https:\/\/www.facebook.com\/verifie.electrique\" \/>\n<meta property=\"article:modified_time\" content=\"2023-11-09T20:47:05+00:00\" \/>\n<meta property=\"og:image\" content=\"https:\/\/verifieelectrique.com\/wp\/wp-content\/uploads\/2023\/04\/GDV-opengraph-anglais.jpg\" \/>\n\t<meta property=\"og:image:width\" content=\"1200\" \/>\n\t<meta property=\"og:image:height\" content=\"628\" \/>\n\t<meta property=\"og:image:type\" content=\"image\/jpeg\" \/>\n<meta name=\"twitter:card\" content=\"summary_large_image\" \/>\n<meta name=\"twitter:label1\" content=\"Est. reading time\" \/>\n\t<meta name=\"twitter:data1\" content=\"4 minutes\" \/>\n<script type=\"application\/ld+json\" class=\"yoast-schema-graph\">{\"@context\":\"https:\/\/schema.org\",\"@graph\":[{\"@type\":\"WebPage\",\"@id\":\"https:\/\/verifieelectrique.com\/en\/about-us\/\",\"url\":\"https:\/\/verifieelectrique.com\/en\/about-us\/\",\"name\":\"About us - Electric Verified by EV Vast\",\"isPartOf\":{\"@id\":\"https:\/\/verifieelectrique.com\/en\/#website\"},\"datePublished\":\"2023-07-19T14:37:47+00:00\",\"dateModified\":\"2023-11-09T20:47:05+00:00\",\"description\":\"Discover Electric Verified: the recognition program for repair shops and parts stores.\",\"breadcrumb\":{\"@id\":\"https:\/\/verifieelectrique.com\/en\/about-us\/#breadcrumb\"},\"inLanguage\":\"en-US\",\"potentialAction\":[{\"@type\":\"ReadAction\",\"target\":[\"https:\/\/verifieelectrique.com\/en\/about-us\/\"]}]},{\"@type\":\"BreadcrumbList\",\"@id\":\"https:\/\/verifieelectrique.com\/en\/about-us\/#breadcrumb\",\"itemListElement\":[{\"@type\":\"ListItem\",\"position\":1,\"name\":\"Accueil\",\"item\":\"https:\/\/verifieelectrique.com\/en\/\"},{\"@type\":\"ListItem\",\"position\":2,\"name\":\"About us\"}]},{\"@type\":\"WebSite\",\"@id\":\"https:\/\/verifieelectrique.com\/en\/#website\",\"url\":\"https:\/\/verifieelectrique.com\/en\/\",\"name\":\"Electric Verified by EV Vast\",\"description\":\"\",\"publisher\":{\"@id\":\"https:\/\/verifieelectrique.com\/en\/#organization\"},\"potentialAction\":[{\"@type\":\"SearchAction\",\"target\":{\"@type\":\"EntryPoint\",\"urlTemplate\":\"https:\/\/verifieelectrique.com\/en\/?s={search_term_string}\"},\"query-input\":\"required name=search_term_string\"}],\"inLanguage\":\"en-US\"},{\"@type\":\"Organization\",\"@id\":\"https:\/\/verifieelectrique.com\/en\/#organization\",\"name\":\"Electric Verified by EV Vast\",\"url\":\"https:\/\/verifieelectrique.com\/en\/\",\"logo\":{\"@type\":\"ImageObject\",\"inLanguage\":\"en-US\",\"@id\":\"https:\/\/verifieelectrique.com\/en\/#\/schema\/logo\/image\/\",\"url\":\"https:\/\/verifieelectrique.com\/wp\/wp-content\/uploads\/2023\/03\/logo-vast-FR-h-CMYK.png\",\"contentUrl\":\"https:\/\/verifieelectrique.com\/wp\/wp-content\/uploads\/2023\/03\/logo-vast-FR-h-CMYK.png\",\"width\":792,\"height\":253,\"caption\":\"Electric Verified by EV Vast\"},\"image\":{\"@id\":\"https:\/\/verifieelectrique.com\/en\/#\/schema\/logo\/image\/\"},\"sameAs\":[\"https:\/\/www.facebook.com\/verifie.electrique\"]}]}<\/script>\n<!-- \/ Yoast SEO plugin. -->","yoast_head_json":{"title":"About us - Electric Verified by EV Vast","description":"Discover Electric Verified: the recognition program for repair shops and parts stores.","robots":{"index":"index","follow":"follow","max-snippet":"max-snippet:-1","max-image-preview":"max-image-preview:large","max-video-preview":"max-video-preview:-1"},"canonical":"https:\/\/verifieelectrique.com\/en\/about-us\/","og_locale":"en_US","og_type":"article","og_title":"About us - Electric Verified by EV Vast","og_description":"Discover Electric Verified: the recognition program for repair shops and parts stores.","og_url":"https:\/\/verifieelectrique.com\/en\/about-us\/","og_site_name":"Electric Verified by EV Vast","article_publisher":"https:\/\/www.facebook.com\/verifie.electrique","article_modified_time":"2023-11-09T20:47:05+00:00","og_image":[{"width":1200,"height":628,"url":"https:\/\/verifieelectrique.com\/wp\/wp-content\/uploads\/2023\/04\/GDV-opengraph-anglais.jpg","type":"image\/jpeg"}],"twitter_card":"summary_large_image","twitter_misc":{"Est. reading time":"4 minutes"},"schema":{"@context":"https:\/\/schema.org","@graph":[{"@type":"WebPage","@id":"https:\/\/verifieelectrique.com\/en\/about-us\/","url":"https:\/\/verifieelectrique.com\/en\/about-us\/","name":"About us - Electric Verified by EV Vast","isPartOf":{"@id":"https:\/\/verifieelectrique.com\/en\/#website"},"datePublished":"2023-07-19T14:37:47+00:00","dateModified":"2023-11-09T20:47:05+00:00","description":"Discover Electric Verified: the recognition program for repair shops and parts stores.","breadcrumb":{"@id":"https:\/\/verifieelectrique.com\/en\/about-us\/#breadcrumb"},"inLanguage":"en-US","potentialAction":[{"@type":"ReadAction","target":["https:\/\/verifieelectrique.com\/en\/about-us\/"]}]},{"@type":"BreadcrumbList","@id":"https:\/\/verifieelectrique.com\/en\/about-us\/#breadcrumb","itemListElement":[{"@type":"ListItem","position":1,"name":"Accueil","item":"https:\/\/verifieelectrique.com\/en\/"},{"@type":"ListItem","position":2,"name":"About us"}]},{"@type":"WebSite","@id":"https:\/\/verifieelectrique.com\/en\/#website","url":"https:\/\/verifieelectrique.com\/en\/","name":"Electric Verified by EV Vast","description":"","publisher":{"@id":"https:\/\/verifieelectrique.com\/en\/#organization"},"potentialAction":[{"@type":"SearchAction","target":{"@type":"EntryPoint","urlTemplate":"https:\/\/verifieelectrique.com\/en\/?s={search_term_string}"},"query-input":"required name=search_term_string"}],"inLanguage":"en-US"},{"@type":"Organization","@id":"https:\/\/verifieelectrique.com\/en\/#organization","name":"Electric Verified by EV Vast","url":"https:\/\/verifieelectrique.com\/en\/","logo":{"@type":"ImageObject","inLanguage":"en-US","@id":"https:\/\/verifieelectrique.com\/en\/#\/schema\/logo\/image\/","url":"https:\/\/verifieelectrique.com\/wp\/wp-content\/uploads\/2023\/03\/logo-vast-FR-h-CMYK.png","contentUrl":"https:\/\/verifieelectrique.com\/wp\/wp-content\/uploads\/2023\/03\/logo-vast-FR-h-CMYK.png","width":792,"height":253,"caption":"Electric Verified by EV Vast"},"image":{"@id":"https:\/\/verifieelectrique.com\/en\/#\/schema\/logo\/image\/"},"sameAs":["https:\/\/www.facebook.com\/verifie.electrique"]}]}},"_links":{"self":[{"href":"https:\/\/verifieelectrique.com\/en\/wp-json\/wp\/v2\/pages\/55131"}],"collection":[{"href":"https:\/\/verifieelectrique.com\/en\/wp-json\/wp\/v2\/pages"}],"about":[{"href":"https:\/\/verifieelectrique.com\/en\/wp-json\/wp\/v2\/types\/page"}],"author":[{"embeddable":true,"href":"https:\/\/verifieelectrique.com\/en\/wp-json\/wp\/v2\/users\/1"}],"replies":[{"embeddable":true,"href":"https:\/\/verifieelectrique.com\/en\/wp-json\/wp\/v2\/comments?post=55131"}],"version-history":[{"count":7,"href":"https:\/\/verifieelectrique.com\/en\/wp-json\/wp\/v2\/pages\/55131\/revisions"}],"predecessor-version":[{"id":57059,"href":"https:\/\/verifieelectrique.com\/en\/wp-json\/wp\/v2\/pages\/55131\/revisions\/57059"}],"wp:attachment":[{"href":"https:\/\/verifieelectrique.com\/en\/wp-json\/wp\/v2\/media?parent=55131"}],"curies":[{"name":"wp","href":"https:\/\/api.w.org\/{rel}","templated":true}]}}